{"id":10,"date":"2024-08-26T13:19:28","date_gmt":"2024-08-26T13:19:28","guid":{"rendered":"https:\/\/recoverrolamentos.com.br\/?page_id=10"},"modified":"2024-08-26T13:43:03","modified_gmt":"2024-08-26T13:43:03","slug":"pagina-inicial","status":"publish","type":"page","link":"https:\/\/recoverrolamentos.com.br\/","title":{"rendered":"Hist\u00f3rico"},"content":{"rendered":"\n<p id=\"historico\">Empresa criada em 1993 por pessoas de profundo conhecimento na \u00e1rea de fabrica\u00e7\u00e3o e recupera\u00e7\u00e3o de pe\u00e7as para guindastes e similares em geral. Nosso maior intuito \u00e9 o atendimento r\u00e1pido e personalizado com assist\u00eancia T\u00e9cnica especializada e garantia total dos servi\u00e7os prestados.<\/p>\n","protected":false},"excerpt":{"rendered":"<p>Empresa criada em 1993 por pessoas de profundo conhecimento na \u00e1rea de fabrica\u00e7\u00e3o e recupera\u00e7\u00e3o de pe\u00e7as para guindastes e similares em geral. Nosso maior intuito \u00e9 o atendimento r\u00e1pido e personalizado com assist\u00eancia T\u00e9cnica especializada e garantia total dos servi\u00e7os prestados.<\/p>\n","protected":false},"author":1,"featured_media":0,"parent":0,"menu_order":0,"comment_status":"closed","ping_status":"closed","template":"","meta":{"footnotes":""},"class_list":["post-10","page","type-page","status-publish","hentry"],"_links":{"self":[{"href":"https:\/\/recoverrolamentos.com.br\/index.php\/wp-json\/wp\/v2\/pages\/10","targetHints":{"allow":["GET"]}}],"collection":[{"href":"https:\/\/recoverrolamentos.com.br\/index.php\/wp-json\/wp\/v2\/pages"}],"about":[{"href":"https:\/\/recoverrolamentos.com.br\/index.php\/wp-json\/wp\/v2\/types\/page"}],"author":[{"embeddable":true,"href":"https:\/\/recoverrolamentos.com.br\/index.php\/wp-json\/wp\/v2\/users\/1"}],"replies":[{"embeddable":true,"href":"https:\/\/recoverrolamentos.com.br\/index.php\/wp-json\/wp\/v2\/comments?post=10"}],"version-history":[{"count":3,"href":"https:\/\/recoverrolamentos.com.br\/index.php\/wp-json\/wp\/v2\/pages\/10\/revisions"}],"predecessor-version":[{"id":56,"href":"https:\/\/recoverrolamentos.com.br\/index.php\/wp-json\/wp\/v2\/pages\/10\/revisions\/56"}],"wp:attachment":[{"href":"https:\/\/recoverrolamentos.com.br\/index.php\/wp-json\/wp\/v2\/media?parent=10"}],"curies":[{"name":"wp","href":"https:\/\/api.w.org\/{rel}","templated":true}]}}